{"id":10,"date":"2017-12-13T15:49:41","date_gmt":"2017-12-13T14:49:41","guid":{"rendered":"http:\/\/lapallue.fr\/?page_id=10"},"modified":"2017-12-30T16:15:45","modified_gmt":"2017-12-30T15:15:45","slug":"table-dhotes","status":"publish","type":"page","link":"https:\/\/lapallue.fr\/index.php\/table-dhotes\/","title":{"rendered":"Table d&rsquo;h\u00f4tes"},"content":{"rendered":"<h3 align=\"CENTER\">Un pot de bienvenue vous sera offert \u00e0 votre arriv\u00e9e.<\/h3>\n<h3 align=\"CENTER\">Le petit d\u00e9jeuner copieux est compris dans le prix de nos chambres. Des confitures faites \u00ab\u00a0maison\u00a0\u00bb vous seront propos\u00e9es.<\/h3>\n<h3 align=\"CENTER\"><img loading=\"lazy\" class=\"alignnone  wp-image-117\" src=\"http:\/\/lapallue.fr\/wp-content\/uploads\/2017\/12\/P1000550-225x300.jpg\" alt=\"\" width=\"268\" height=\"357\" srcset=\"https:\/\/lapallue.fr\/wp-content\/uploads\/2017\/12\/P1000550-225x300.jpg 225w, https:\/\/lapallue.fr\/wp-content\/uploads\/2017\/12\/P1000550-768x1024.jpg 768w, https:\/\/lapallue.fr\/wp-content\/uploads\/2017\/12\/P1000550.jpg 1920w\" sizes=\"(max-width: 268px) 100vw, 268px\" \/><\/h3>\n<h3 align=\"CENTER\">Sur r\u00e9servation, nous vous proposons de partager notre repas en table d&rsquo;h\u00f4tes, \u00e0 base de produits du jardin et locaux. C&rsquo;est l&rsquo;occasion d&rsquo;\u00e9changes et de mieux conna\u00eetre notre r\u00e9gion.<\/h3>\n<h3 align=\"CENTER\">Tarif (vin et ap\u00e9ritif compris)*\u00a0: 15\u20ac\/ adulte et 10\u20ac\/ enfants de &#8211; 12 ans.<\/h3>\n<h3 align=\"CENTER\">* A consommer avec mod\u00e9ration.<\/h3>\n","protected":false},"excerpt":{"rendered":"<p>Un pot de bienvenue vous sera offert \u00e0 votre arriv\u00e9e. Le petit d\u00e9jeuner copieux est compris dans le prix de nos chambres. Des confitures faites \u00ab\u00a0maison\u00a0\u00bb vous seront propos\u00e9es. Sur r\u00e9servation, nous vous proposons de partager notre repas en table<\/p>\n","protected":false},"author":1,"featured_media":0,"parent":0,"menu_order":0,"comment_status":"closed","ping_status":"closed","template":"","meta":[],"_links":{"self":[{"href":"https:\/\/lapallue.fr\/index.php\/wp-json\/wp\/v2\/pages\/10"}],"collection":[{"href":"https:\/\/lapallue.fr\/index.php\/wp-json\/wp\/v2\/pages"}],"about":[{"href":"https:\/\/lapallue.fr\/index.php\/wp-json\/wp\/v2\/types\/page"}],"author":[{"embeddable":true,"href":"https:\/\/lapallue.fr\/index.php\/wp-json\/wp\/v2\/users\/1"}],"replies":[{"embeddable":true,"href":"https:\/\/lapallue.fr\/index.php\/wp-json\/wp\/v2\/comments?post=10"}],"version-history":[{"count":3,"href":"https:\/\/lapallue.fr\/index.php\/wp-json\/wp\/v2\/pages\/10\/revisions"}],"predecessor-version":[{"id":118,"href":"https:\/\/lapallue.fr\/index.php\/wp-json\/wp\/v2\/pages\/10\/revisions\/118"}],"wp:attachment":[{"href":"https:\/\/lapallue.fr\/index.php\/wp-json\/wp\/v2\/media?parent=10"}],"curies":[{"name":"wp","href":"https:\/\/api.w.org\/{rel}","templated":true}]}}