{"id":14,"date":"2017-12-13T15:50:53","date_gmt":"2017-12-13T14:50:53","guid":{"rendered":"http:\/\/lapallue.fr\/?page_id=14"},"modified":"2020-04-30T09:49:32","modified_gmt":"2020-04-30T07:49:32","slug":"tarifs","status":"publish","type":"page","link":"https:\/\/lapallue.fr\/index.php\/tarifs\/","title":{"rendered":"Tarifs et R\u00e9servation"},"content":{"rendered":"<h3 align=\"CENTER\"><\/h3>\n<h3 style=\"text-align: center;\" align=\"CENTER\">Le petit d\u00e9jeuner est inclus dans le prix.<\/h3>\n<h4 style=\"text-align: center;\" align=\"center\"><span style=\"color: black;\">\u00a0Possibilit\u00e9 d&rsquo;installer un lit pour tr\u00e8s jeunes enfants dans votre chambre.<br \/>\nVos animaux de compagnies sont les bienvenue.<\/span><\/h4>\n<h4 style=\"text-align: center;\" align=\"center\"><\/h4>\n<table class=\" aligncenter\" style=\"height: 284px;\" width=\"335\" cellspacing=\"0\">\n<tbody>\n<tr>\n<td colspan=\"2\" bgcolor=\"#FFD278\" width=\"328\" height=\"38\">\n<h3 align=\"center\"><span style=\"color: black;\"><b>TARIFS<\/b> <\/span><strong><span style=\"color: black; font-size: small;\">(par nuit)<\/span><\/strong><\/h3>\n<\/td>\n<\/tr>\n<tr>\n<td width=\"162\" height=\"44\">\n<h3 align=\"center\"><span style=\"color: black;\">1 personne <\/span><\/h3>\n<\/td>\n<td width=\"163\" height=\"44\">\n<h3 style=\"text-align: center;\" align=\"center\"><span style=\"color: black;\"><b>32,00 <\/b><b>\u20ac<\/b><\/span><\/h3>\n<\/td>\n<\/tr>\n<tr>\n<td width=\"162\" height=\"43\">\n<h3 align=\"center\"><span style=\"color: black;\">2 personnes <\/span><\/h3>\n<\/td>\n<td width=\"163\" height=\"43\">\n<h3 align=\"center\"><span style=\"color: black;\"><b>42,00 <\/b><b>\u20ac<\/b><\/span><\/h3>\n<\/td>\n<\/tr>\n<tr>\n<td width=\"162\" height=\"44\">\n<h3 align=\"center\"><span style=\"color: black;\">3 personnes <\/span><\/h3>\n<\/td>\n<td width=\"163\" height=\"44\">\n<h3 align=\"center\"><span style=\"color: black;\"><b>50,00 <\/b><b>\u20ac <\/b><\/span><\/h3>\n<\/td>\n<\/tr>\n<\/tbody>\n<\/table>\n<h3 style=\"text-align: center;\" align=\"CENTER\"><strong>Un tarif d\u00e9gressif est appliqu\u00e9 pour des s\u00e9jours de plusieurs jours, nous consulter.<\/strong><\/h3>\n<h3 style=\"text-align: center;\" align=\"CENTER\"><strong>Taxe locale de s\u00e9jour\u00a0: 0,75\u20ac par personne et par jour.<\/strong><\/h3>\n<h3 align=\"CENTER\"><strong style=\"color: black; font-size: 16px;\">Vous d\u00e9sirez r\u00e9server ? contactez nous jacques.beaulieu@laposte.net<\/strong><\/h3>\n<h3 style=\"text-align: center;\" align=\"CENTER\"> <div id=\"form_id1496136984964\" class=\"wpdevelop\"><form  id=\"booking_form1\"   class=\"booking_form vertical\" method=\"post\" action=\"\"><div id=\"ajax_respond_insert1\" class=\"ajax_respond_insert\" style=\"display:none;\"><\/div><a name=\"bklnk1\" id=\"bklnk1\"><\/a><div id=\"booking_form_div1\" class=\"booking_form_div\"><div class=\"wpbc_booking_form_structure wpbc_vertical\">\n  <div class=\"wpbc_structure_calendar\">\n    <div class=\"bk_calendar_frame months_num_in_row_ cal_month_num_1 wpbc_timeslot_day_bg_as_available\" style=\"width:284px;\"><div id=\"calendar_booking1\">Chargement du calendrier...<\/div><\/div><div style=\"font-size:9px;text-align:left;margin-top:3px;\">Powered by <a style=\"font-size:9px;\" href=\"https:\/\/wpbookingcalendar.com\" target=\"_blank\" title=\"Booking Calendar plugin for WordPress\">Booking Calendar<\/a><\/div><textarea id=\"date_booking1\" name=\"date_booking1\" autocomplete=\"off\" style=\"display:none;\"><\/textarea><div class=\"block_hints datepick\"><div class=\"wpdev_hint_with_text\"><div class=\"block_free datepick-days-cell\"><a>17<\/a><\/div><div class=\"block_text\">- Disponible<\/div><\/div><div class=\"wpdev_hint_with_text\"><div class=\"block_booked date_approved\">17<\/div><div class=\"block_text\">- R\u00e9serv\u00e9<\/div><\/div><div class=\"wpdev_hint_with_text\"><div class=\"block_pending date2approve\">17<\/div><div class=\"block_text\">- En attente<\/div><\/div><\/div><div class=\"wpdev_clear_hint\"><\/div>\n  <\/div>\n  <div class=\"wpbc_structure_form\">\n  <div class=\"form-group\">  <label for=\"name1\" class=\"control-label\">Nom*:<\/label>   <div class=\"controls\">   <input type=\"text\" name=\"name1\" id=\"name1\" class=\"input-xlarge wpdev-validates-as-required\" \/><\/div><\/div>  <div class=\"form-group\">  <label for=\"secondname1\" class=\"control-label\">Prenom*:<\/label>   <div class=\"controls\">   <input type=\"text\" name=\"secondname1\" id=\"secondname1\" class=\"input-xlarge wpdev-validates-as-required\" \/><\/div><\/div>  <div class=\"form-group\">  <label for=\"email1\" class=\"control-label\">Email*:<\/label>   <div class=\"controls\">   <input type=\"text\" name=\"email1\" id=\"email1\" class=\"input-xlarge wpdev-validates-as-email wpdev-validates-as-required wpdev-validates-as-required\" \/><\/div><\/div>  <div class=\"form-group\">  <label for=\"phone1\" class=\"control-label\">T\u00e9l\u00e9phone:<\/label>   <div class=\"controls\">   <input type=\"text\" name=\"phone1\" id=\"phone1\" class=\"input-xlarge\" \/><\/div><\/div>  <div class=\"form-group\">  <label for=\"details1\" class=\"control-label\">D\u00e9tails:<\/label>   <div class=\"controls\">   <textarea  rows=\"3\" name=\"details1\" id=\"details1\" class=\"input-xlarge\" ><\/textarea><\/div><\/div><div class=\"form-group\"><\/div>\n<div class=\"form-group\"><button class=\"btn btn-default\" type=\"button\" onclick=\"mybooking_submit(this.form,1,'fr_FR');\" >Envoyer<\/button><\/div>\n  <\/div>\n<\/div>\n<div class=\"wpbc_booking_form_footer\"><\/div><input id=\"bk_type1\" name=\"bk_type1\" class=\"\" type=\"hidden\" value=\"1\" \/><\/div><div id=\"submiting1\"><\/div><div class=\"form_bk_messages\" id=\"form_bk_messages1\" ><\/div><input type=\"hidden\" id=\"wpbc_nonce1\" name=\"wpbc_nonce1\" value=\"17e8baf18b\" \/><input type=\"hidden\" name=\"_wp_http_referer\" value=\"\/index.php\/wp-json\/wp\/v2\/pages\/14\" \/><input type=\"hidden\" id=\"wpbc_nonceCALCULATE_THE_COST1\" name=\"wpbc_nonceCALCULATE_THE_COST1\" value=\"33537210fb\" \/><input type=\"hidden\" name=\"_wp_http_referer\" value=\"\/index.php\/wp-json\/wp\/v2\/pages\/14\" \/><\/form><\/div><div id=\"booking_form_garbage1\" class=\"booking_form_garbage\"><\/div><script type=\"text\/javascript\">\n                                jQuery(document).ready( function(){\n                                    jQuery(\".widget_wpdev_booking .booking_form.form-horizontal\").removeClass(\"form-horizontal\");\n                                    var visible_booking_id_on_page_num = visible_booking_id_on_page.length;\n                                    if (visible_booking_id_on_page_num !== null ) {\n                                        for (var i=0;i< visible_booking_id_on_page_num ;i++){\n                                          if ( visible_booking_id_on_page[i]==\"booking_form_div1\" ) {\n                                              document.getElementById(\"form_id1496136984964\").innerHTML = \"<span style='color:#A00;font-size:10px;'>Attention! Le calendrier des r\u00e9servations pour ce type de ressources est d\u00e9j\u00e0 sur la page, veuillez v\u00e9rifier toute question \u00e0 ce sujet sur cette page: https:\/\/wpbookingcalendar.com\/faq\/why-the-booking-calendar-widget-not-show-on-page\/.<\/span>\";                                                                                                  \n                                              jQuery(\"#form_id1496136984964\").animate( {opacity: 1}, 10000 ).fadeOut(5000);\n                                              return;\n                                          }\n                                        }\n                                        visible_booking_id_on_page[ visible_booking_id_on_page_num ]=\"booking_form_div1\";\n                                    }\n                                });\n                            <\/script> <script type='text\/javascript'>  jQuery(document).ready( function(){  date_admin_blank[1] = [];  date2approve[1] = [];  var date_approved_par = [];  init_datepick_cal('1', date_approved_par, 1 , 1, false   );  }); <\/script><\/h3>\n<p>&nbsp;<\/p>\n<p>&nbsp;<\/p>\n<p style=\"text-align: center;\">\n","protected":false},"excerpt":{"rendered":"<p>Le petit d\u00e9jeuner est inclus dans le prix. \u00a0Possibilit\u00e9 d&rsquo;installer un lit pour tr\u00e8s jeunes enfants dans votre chambre. Vos animaux de compagnies sont les bienvenue. TARIFS (par nuit) 1 personne 32,00 \u20ac 2 personnes 42,00 \u20ac 3 personnes 50,00<\/p>\n","protected":false},"author":1,"featured_media":0,"parent":0,"menu_order":0,"comment_status":"closed","ping_status":"closed","template":"","meta":[],"_links":{"self":[{"href":"https:\/\/lapallue.fr\/index.php\/wp-json\/wp\/v2\/pages\/14"}],"collection":[{"href":"https:\/\/lapallue.fr\/index.php\/wp-json\/wp\/v2\/pages"}],"about":[{"href":"https:\/\/lapallue.fr\/index.php\/wp-json\/wp\/v2\/types\/page"}],"author":[{"embeddable":true,"href":"https:\/\/lapallue.fr\/index.php\/wp-json\/wp\/v2\/users\/1"}],"replies":[{"embeddable":true,"href":"https:\/\/lapallue.fr\/index.php\/wp-json\/wp\/v2\/comments?post=14"}],"version-history":[{"count":17,"href":"https:\/\/lapallue.fr\/index.php\/wp-json\/wp\/v2\/pages\/14\/revisions"}],"predecessor-version":[{"id":344,"href":"https:\/\/lapallue.fr\/index.php\/wp-json\/wp\/v2\/pages\/14\/revisions\/344"}],"wp:attachment":[{"href":"https:\/\/lapallue.fr\/index.php\/wp-json\/wp\/v2\/media?parent=14"}],"curies":[{"name":"wp","href":"https:\/\/api.w.org\/{rel}","templated":true}]}}