{"id":16,"date":"2017-12-13T15:51:15","date_gmt":"2017-12-13T14:51:15","guid":{"rendered":"http:\/\/lapallue.fr\/?page_id=16"},"modified":"2017-12-30T15:57:45","modified_gmt":"2017-12-30T14:57:45","slug":"venir-plan","status":"publish","type":"page","link":"https:\/\/lapallue.fr\/index.php\/venir-plan\/","title":{"rendered":"Venir &#8211; Plan"},"content":{"rendered":"<p>&nbsp;<\/p>\n<table border=\"1\" width=\"643\" cellspacing=\"0\" cellpadding=\"4\">\n<colgroup>\n<col width=\"312\" \/>\n<col width=\"313\" \/> <\/colgroup>\n<tbody>\n<tr>\n<td colspan=\"2\" valign=\"TOP\" width=\"633\">\n<p align=\"CENTER\">Pour vous rendre \u00e0 Gensac la Pallue (Charente).<\/p>\n<p align=\"CENTER\">Les distances\u00a0:<\/p>\n<\/td>\n<\/tr>\n<tr valign=\"TOP\">\n<td width=\"312\">\n<p align=\"CENTER\">Paris \u2013 Gensac la Pallue\u00a0: 513 km<\/p>\n<\/td>\n<td width=\"313\">\n<p align=\"CENTER\">Angoul\u00eame &#8211; Gensac la Pallue\u00a0: 38 km<\/p>\n<\/td>\n<\/tr>\n<tr valign=\"TOP\">\n<td width=\"312\">\n<p align=\"CENTER\">Bordeaux \u2013 Gensac la Pallue\u00a0: 109 km<\/p>\n<\/td>\n<td width=\"313\">\n<p align=\"CENTER\">Saintes \u2013 Gensac la Pallue\u00a0: 37 km<\/p>\n<\/td>\n<\/tr>\n<tr valign=\"TOP\">\n<td width=\"312\">\n<p align=\"CENTER\">La Rochelle \u2013 Gensac la Pallue\u00a0: 111 km<\/p>\n<\/td>\n<td width=\"313\">\n<p align=\"CENTER\">Cognac \u2013 Gensac la Pallue\u00a0: 9 km<\/p>\n<\/td>\n<\/tr>\n<tr valign=\"TOP\">\n<td width=\"312\">\n<p align=\"CENTER\">Royan \u2013 Gensac la Pallue\u00a0: 75 km<\/p>\n<\/td>\n<td width=\"313\">\n<p align=\"CENTER\">Jarnac \u2013 Gensac la Pallue\u00a0: 8 km<\/p>\n<\/td>\n<\/tr>\n<\/tbody>\n<\/table>\n<p align=\"CENTER\">Vous pouvez aussi vous y rendre \u00e0 partir de la voie verte qui longe la Charente, chemin p\u00e9destre ou cyclotouriste, situ\u00e9e \u00e0 2,5 km de notre maison.<\/p>\n<p style=\"text-align: center;\" align=\"CENTER\">Sur la nationale n\u00b0141 prendre la sortie ouest de Gensac et suivre l&rsquo;itin\u00e9raire suivant\u00a0:<\/p>\n<p style=\"text-align: center;\"><iframe style=\"border: 0;\" src=\"https:\/\/www.google.com\/maps\/embed?pb=!1m18!1m12!1m3!1d2788.5837878589186!2d-0.2687758852231485!3d45.65917952843419!2m3!1f0!2f0!3f0!3m2!1i1024!2i768!4f13.1!3m3!1m2!1s0x48008b9fb155d6c9%3A0xfdb6814c911a29c2!2sChambre+d'hotes+chez+BEAULIEU+%3B+Proche+COGNAC!5e0!3m2!1sfr!2sfr!4v1514645657136\" width=\"600\" height=\"450\" frameborder=\"0\" allowfullscreen=\"allowfullscreen\"><\/iframe><\/p>\n","protected":false},"excerpt":{"rendered":"<p>&nbsp; Pour vous rendre \u00e0 Gensac la Pallue (Charente). Les distances\u00a0: Paris \u2013 Gensac la Pallue\u00a0: 513 km Angoul\u00eame &#8211; Gensac la Pallue\u00a0: 38 km Bordeaux \u2013 Gensac la Pallue\u00a0: 109 km Saintes \u2013 Gensac la Pallue\u00a0: 37 km La<\/p>\n","protected":false},"author":1,"featured_media":0,"parent":0,"menu_order":0,"comment_status":"closed","ping_status":"closed","template":"","meta":[],"_links":{"self":[{"href":"https:\/\/lapallue.fr\/index.php\/wp-json\/wp\/v2\/pages\/16"}],"collection":[{"href":"https:\/\/lapallue.fr\/index.php\/wp-json\/wp\/v2\/pages"}],"about":[{"href":"https:\/\/lapallue.fr\/index.php\/wp-json\/wp\/v2\/types\/page"}],"author":[{"embeddable":true,"href":"https:\/\/lapallue.fr\/index.php\/wp-json\/wp\/v2\/users\/1"}],"replies":[{"embeddable":true,"href":"https:\/\/lapallue.fr\/index.php\/wp-json\/wp\/v2\/comments?post=16"}],"version-history":[{"count":11,"href":"https:\/\/lapallue.fr\/index.php\/wp-json\/wp\/v2\/pages\/16\/revisions"}],"predecessor-version":[{"id":112,"href":"https:\/\/lapallue.fr\/index.php\/wp-json\/wp\/v2\/pages\/16\/revisions\/112"}],"wp:attachment":[{"href":"https:\/\/lapallue.fr\/index.php\/wp-json\/wp\/v2\/media?parent=16"}],"curies":[{"name":"wp","href":"https:\/\/api.w.org\/{rel}","templated":true}]}}