{"id":8,"date":"2017-12-13T15:43:17","date_gmt":"2017-12-13T14:43:17","guid":{"rendered":"http:\/\/lapallue.fr\/?page_id=8"},"modified":"2020-04-30T09:56:51","modified_gmt":"2020-04-30T07:56:51","slug":"les-chambres","status":"publish","type":"page","link":"https:\/\/lapallue.fr\/index.php\/les-chambres\/","title":{"rendered":"Les chambres"},"content":{"rendered":"<h3 style=\"text-align: center;\" align=\"CENTER\"><span style=\"color: #000000;\">Nous vous proposons trois chambres\u00a0:<br \/>\ndeux chambres simples et une chambre double.<br \/>\n<\/span><\/h3>\n<table class=\"aligncenter\" border=\"1\" width=\"643\" cellspacing=\"0\" cellpadding=\"4\">\n<colgroup>\n<col width=\"205\" \/>\n<col width=\"206\" \/>\n<col width=\"205\" \/> <\/colgroup>\n<tbody>\n<tr valign=\"TOP\">\n<td width=\"205\">\n<h3 align=\"CENTER\">Chambres *<\/h3>\n<\/td>\n<td width=\"206\">\n<h3 align=\"CENTER\">Nombre de personnes<\/h3>\n<\/td>\n<td width=\"205\">\n<h3 align=\"CENTER\">Composition\u00a0:<\/h3>\n<\/td>\n<\/tr>\n<tr valign=\"TOP\">\n<td width=\"205\">\n<h3 align=\"CENTER\"><a href=\"http:\/\/lapallue.fr\/index.php\/la-chambre-des-amis\/\">Amis<\/a><\/h3>\n<\/td>\n<td width=\"206\">\n<h3 align=\"CENTER\">2<\/h3>\n<\/td>\n<td width=\"205\">\n<h3 align=\"CENTER\">1 lit de140<\/h3>\n<\/td>\n<\/tr>\n<tr valign=\"TOP\">\n<td width=\"205\">\n<h3 align=\"CENTER\"><a href=\"http:\/\/lapallue.fr\/index.php\/la-chambre-d-eric\/\">Eric<\/a><\/h3>\n<\/td>\n<td width=\"206\">\n<h3 align=\"CENTER\">2<\/h3>\n<\/td>\n<td width=\"205\">\n<h3 align=\"CENTER\">1 lit de140<\/h3>\n<\/td>\n<\/tr>\n<tr valign=\"TOP\">\n<td width=\"205\">\n<h3 align=\"CENTER\"><a href=\"http:\/\/lapallue.fr\/index.php\/la-chambre-de-laurent\/\">Laurent<\/a><\/h3>\n<\/td>\n<td width=\"206\">\n<h3 align=\"CENTER\">3<\/h3>\n<\/td>\n<td width=\"205\">\n<h3 align=\"CENTER\">1 lit de 140 et<br \/>\nun lit de 120<\/h3>\n<\/td>\n<\/tr>\n<\/tbody>\n<\/table>\n<h3 style=\"text-align: center;\" align=\"CENTER\"><\/h3>\n<h3 style=\"text-align: center;\" align=\"CENTER\"><span style=\"color: #000000;\">\u00a0<\/span><span style=\"color: #000000;\"><span style=\"font-size: medium;\"><b>* pour visiter les chambres cliquer sur leur nom<\/b><\/span><\/span><\/h3>\n<h3 style=\"text-align: center;\" align=\"CENTER\"><span style=\"color: #000000;\">Les chambres d&rsquo;h\u00f4tes sont simples. La literie est bonne.<br \/>\nLa vue est sur la campagne.<\/span><\/h3>\n<h3 style=\"text-align: center;\" align=\"CENTER\"><span style=\"color: #000000;\">Elles disposent d&rsquo;une t\u00e9l\u00e9vision et d&rsquo;un acc\u00e8s wifi pour internet.<\/span><\/h3>\n<h3 style=\"text-align: center;\" align=\"CENTER\"><span style=\"color: #000000;\">Les sanitaires sont communs aux trois chambres d&rsquo;h\u00f4tes. <\/span><\/h3>\n<h3 style=\"text-align: center;\" align=\"CENTER\"><span style=\"color: #000000;\">Une grande pi\u00e8ce commune est \u00e0 votre disposition avec chemin\u00e9e, lecture,<br \/>\ncartes et documentation r\u00e9gionale.<\/span><\/h3>\n<h3 style=\"text-align: center;\" align=\"CENTER\"><span style=\"color: #000000;\"><br \/>\nLes informations des animations locales sont disponibles.<\/span><\/h3>\n","protected":false},"excerpt":{"rendered":"<p>Nous vous proposons trois chambres\u00a0: deux chambres simples et une chambre double. Chambres * Nombre de personnes Composition\u00a0: Amis 2 1 lit de140 Eric 2 1 lit de140 Laurent 3 1 lit de 140 et un lit de 120 \u00a0*<\/p>\n","protected":false},"author":1,"featured_media":0,"parent":0,"menu_order":0,"comment_status":"closed","ping_status":"closed","template":"","meta":[],"_links":{"self":[{"href":"https:\/\/lapallue.fr\/index.php\/wp-json\/wp\/v2\/pages\/8"}],"collection":[{"href":"https:\/\/lapallue.fr\/index.php\/wp-json\/wp\/v2\/pages"}],"about":[{"href":"https:\/\/lapallue.fr\/index.php\/wp-json\/wp\/v2\/types\/page"}],"author":[{"embeddable":true,"href":"https:\/\/lapallue.fr\/index.php\/wp-json\/wp\/v2\/users\/1"}],"replies":[{"embeddable":true,"href":"https:\/\/lapallue.fr\/index.php\/wp-json\/wp\/v2\/comments?post=8"}],"version-history":[{"count":6,"href":"https:\/\/lapallue.fr\/index.php\/wp-json\/wp\/v2\/pages\/8\/revisions"}],"predecessor-version":[{"id":346,"href":"https:\/\/lapallue.fr\/index.php\/wp-json\/wp\/v2\/pages\/8\/revisions\/346"}],"wp:attachment":[{"href":"https:\/\/lapallue.fr\/index.php\/wp-json\/wp\/v2\/media?parent=8"}],"curies":[{"name":"wp","href":"https:\/\/api.w.org\/{rel}","templated":true}]}}