{"id":80,"date":"2017-12-30T15:24:24","date_gmt":"2017-12-30T14:24:24","guid":{"rendered":"http:\/\/lapallue.fr\/?page_id=80"},"modified":"2017-12-30T17:03:03","modified_gmt":"2017-12-30T16:03:03","slug":"la-chambre-de-laurent","status":"publish","type":"page","link":"https:\/\/lapallue.fr\/index.php\/la-chambre-de-laurent\/","title":{"rendered":"La chambre  de Laurent"},"content":{"rendered":"<p>&nbsp;<\/p>\n<h3 style=\"text-align: center;\" align=\"LEFT\">La chambre \u00ab\u00a0Laurent\u00a0\u00bb est situ\u00e9e au premier \u00e9tage dans la tour.<\/h3>\n<p>&nbsp;<\/p>\n<h3 style=\"text-align: left;\" align=\"LEFT\">Elle est compos\u00e9e d&rsquo;un lit de 140 de large et d&rsquo;un lit de 120 de large, de trois tables de chevet, d&rsquo;une grande armoire, d&rsquo;une table et d&rsquo;une t\u00e9l\u00e9vision.<\/h3>\n<h3 style=\"text-align: center;\" align=\"LEFT\">Un acc\u00e8s \u00e0 internet en Wifi y est disponible \u00e0 la demande.<\/h3>\n<p style=\"text-align: center;\"><img loading=\"lazy\" class=\"wp-image-81 aligncenter\" src=\"http:\/\/lapallue.fr\/wp-content\/uploads\/2017\/12\/DSCF4524-300x225.jpg\" alt=\"\" width=\"395\" height=\"296\" srcset=\"https:\/\/lapallue.fr\/wp-content\/uploads\/2017\/12\/DSCF4524-300x225.jpg 300w, https:\/\/lapallue.fr\/wp-content\/uploads\/2017\/12\/DSCF4524-768x576.jpg 768w, https:\/\/lapallue.fr\/wp-content\/uploads\/2017\/12\/DSCF4524-1024x768.jpg 1024w\" sizes=\"(max-width: 395px) 100vw, 395px\" \/><\/p>\n<h3 style=\"text-align: center;\" align=\"CENTER\">Une vue depuis la chambre \u00ab\u00a0Laurent\u00a0\u00bb vers l&rsquo;ext\u00e9rieur.<\/h3>\n<h3 align=\"CENTER\"><\/h3>\n<h3 style=\"text-align: center;\" align=\"CENTER\"><img loading=\"lazy\" class=\"wp-image-82 aligncenter\" src=\"http:\/\/lapallue.fr\/wp-content\/uploads\/2017\/12\/chambre-laurent-300x225.jpg\" alt=\"\" width=\"457\" height=\"343\" srcset=\"https:\/\/lapallue.fr\/wp-content\/uploads\/2017\/12\/chambre-laurent-300x225.jpg 300w, https:\/\/lapallue.fr\/wp-content\/uploads\/2017\/12\/chambre-laurent.jpg 512w\" sizes=\"(max-width: 457px) 100vw, 457px\" \/><\/h3>\n<p>&nbsp;<\/p>\n<p>&nbsp;<\/p>\n<p>&nbsp;<\/p>\n","protected":false},"excerpt":{"rendered":"<p>&nbsp; La chambre \u00ab\u00a0Laurent\u00a0\u00bb est situ\u00e9e au premier \u00e9tage dans la tour. &nbsp; Elle est compos\u00e9e d&rsquo;un lit de 140 de large et d&rsquo;un lit de 120 de large, de trois tables de chevet, d&rsquo;une grande armoire, d&rsquo;une table et<\/p>\n","protected":false},"author":3,"featured_media":0,"parent":0,"menu_order":0,"comment_status":"closed","ping_status":"closed","template":"","meta":[],"_links":{"self":[{"href":"https:\/\/lapallue.fr\/index.php\/wp-json\/wp\/v2\/pages\/80"}],"collection":[{"href":"https:\/\/lapallue.fr\/index.php\/wp-json\/wp\/v2\/pages"}],"about":[{"href":"https:\/\/lapallue.fr\/index.php\/wp-json\/wp\/v2\/types\/page"}],"author":[{"embeddable":true,"href":"https:\/\/lapallue.fr\/index.php\/wp-json\/wp\/v2\/users\/3"}],"replies":[{"embeddable":true,"href":"https:\/\/lapallue.fr\/index.php\/wp-json\/wp\/v2\/comments?post=80"}],"version-history":[{"count":12,"href":"https:\/\/lapallue.fr\/index.php\/wp-json\/wp\/v2\/pages\/80\/revisions"}],"predecessor-version":[{"id":148,"href":"https:\/\/lapallue.fr\/index.php\/wp-json\/wp\/v2\/pages\/80\/revisions\/148"}],"wp:attachment":[{"href":"https:\/\/lapallue.fr\/index.php\/wp-json\/wp\/v2\/media?parent=80"}],"curies":[{"name":"wp","href":"https:\/\/api.w.org\/{rel}","templated":true}]}}