{"id":99,"date":"2017-12-30T15:36:34","date_gmt":"2017-12-30T14:36:34","guid":{"rendered":"http:\/\/lapallue.fr\/?page_id=99"},"modified":"2018-12-13T15:55:12","modified_gmt":"2018-12-13T14:55:12","slug":"a-decouvrir","status":"publish","type":"page","link":"https:\/\/lapallue.fr\/index.php\/a-decouvrir\/","title":{"rendered":"A d\u00e9couvrir"},"content":{"rendered":"<h3 style=\"text-align: left;\" align=\"LEFT\">De nombreuses activit\u00e9s et animations vous sont propos\u00e9es dans la r\u00e9gion Cogna\u00e7aise.<\/h3>\n<h3 style=\"text-align: left;\" align=\"LEFT\">Pour vous aider nous vous proposons quelques sites internet ci-dessous\u00a0:<\/h3>\n<p>&nbsp;<\/p>\n<figure id=\"attachment_274\" aria-describedby=\"caption-attachment-274\" style=\"width: 246px\" class=\"wp-caption aligncenter\"><a href=\"https:\/\/lapallue.fr\/index.php\/animation\/\"><img loading=\"lazy\" class=\"wp-image-274\" src=\"http:\/\/lapallue.fr\/wp-content\/uploads\/2018\/12\/416b5dbb-d5cc-4d2d-9d0f-62bd3145be38-300x237.jpg\" alt=\"\" width=\"246\" height=\"195\" srcset=\"https:\/\/lapallue.fr\/wp-content\/uploads\/2018\/12\/416b5dbb-d5cc-4d2d-9d0f-62bd3145be38-300x237.jpg 300w, https:\/\/lapallue.fr\/wp-content\/uploads\/2018\/12\/416b5dbb-d5cc-4d2d-9d0f-62bd3145be38.jpg 400w\" sizes=\"(max-width: 246px) 100vw, 246px\" \/><\/a><figcaption id=\"caption-attachment-274\" class=\"wp-caption-text\">Animation<\/figcaption><\/figure>\n<p>&nbsp;<\/p>\n<figure id=\"attachment_277\" aria-describedby=\"caption-attachment-277\" style=\"width: 268px\" class=\"wp-caption aligncenter\"><a href=\"https:\/\/lapallue.fr\/index.php\/maison-du-cognac\/\"><img loading=\"lazy\" class=\"wp-image-277\" src=\"http:\/\/lapallue.fr\/wp-content\/uploads\/2018\/12\/cognac-300x207.jpg\" alt=\"\" width=\"268\" height=\"185\" srcset=\"https:\/\/lapallue.fr\/wp-content\/uploads\/2018\/12\/cognac-300x207.jpg 300w, https:\/\/lapallue.fr\/wp-content\/uploads\/2018\/12\/cognac-768x530.jpg 768w, https:\/\/lapallue.fr\/wp-content\/uploads\/2018\/12\/cognac.jpg 960w\" sizes=\"(max-width: 268px) 100vw, 268px\" \/><\/a><figcaption id=\"caption-attachment-277\" class=\"wp-caption-text\">Maison de Cognac<\/figcaption><\/figure>\n<p>&nbsp;<\/p>\n<figure id=\"attachment_278\" aria-describedby=\"caption-attachment-278\" style=\"width: 216px\" class=\"wp-caption aligncenter\"><a href=\"https:\/\/lapallue.fr\/index.php\/musee\/\"><img loading=\"lazy\" class=\"wp-image-278\" src=\"http:\/\/lapallue.fr\/wp-content\/uploads\/2018\/12\/depositphotos_106519202-stock-illustration-gold-museum-building-with-columns-300x264.jpg\" alt=\"\" width=\"216\" height=\"190\" srcset=\"https:\/\/lapallue.fr\/wp-content\/uploads\/2018\/12\/depositphotos_106519202-stock-illustration-gold-museum-building-with-columns-300x264.jpg 300w, https:\/\/lapallue.fr\/wp-content\/uploads\/2018\/12\/depositphotos_106519202-stock-illustration-gold-museum-building-with-columns-768x676.jpg 768w, https:\/\/lapallue.fr\/wp-content\/uploads\/2018\/12\/depositphotos_106519202-stock-illustration-gold-museum-building-with-columns.jpg 1024w\" sizes=\"(max-width: 216px) 100vw, 216px\" \/><\/a><figcaption id=\"caption-attachment-278\" class=\"wp-caption-text\">Mus\u00e9e<span style=\"font-size: 16px;\">\u00a0 \u00a0 \u00a0 \u00a0 \u00a0<\/span><\/figcaption><\/figure>\n<p>&nbsp;<\/p>\n<figure id=\"attachment_280\" aria-describedby=\"caption-attachment-280\" style=\"width: 235px\" class=\"wp-caption aligncenter\"><a href=\"https:\/\/lapallue.fr\/index.php\/monuments\/\"><img loading=\"lazy\" class=\"wp-image-280\" src=\"http:\/\/lapallue.fr\/wp-content\/uploads\/2018\/12\/t\u00e9l\u00e9chargement.jpg\" alt=\"\" width=\"235\" height=\"157\" \/><\/a><figcaption id=\"caption-attachment-280\" class=\"wp-caption-text\">Monuments<\/figcaption><\/figure>\n<p>&nbsp;<\/p>\n<figure id=\"attachment_276\" aria-describedby=\"caption-attachment-276\" style=\"width: 135px\" class=\"wp-caption aligncenter\"><a href=\"https:\/\/lapallue.fr\/index.php\/artisan\/\"><img loading=\"lazy\" class=\"wp-image-276\" src=\"http:\/\/lapallue.fr\/wp-content\/uploads\/2018\/12\/artisan-clipart-1-265x300.gif\" alt=\"\" width=\"135\" height=\"153\" \/><\/a><figcaption id=\"caption-attachment-276\" class=\"wp-caption-text\">Artisan<\/figcaption><\/figure>\n<p>&nbsp;<\/p>\n<figure id=\"attachment_275\" aria-describedby=\"caption-attachment-275\" style=\"width: 263px\" class=\"wp-caption aligncenter\"><a href=\"https:\/\/lapallue.fr\/index.php\/produits-locaux\/\"><img loading=\"lazy\" class=\"wp-image-275\" src=\"http:\/\/lapallue.fr\/wp-content\/uploads\/2018\/12\/12940237-produits-locaux-fran\u00e7ais-panneau-de-pierre-d-ardoise-isol\u00e9-300x217.jpg\" alt=\"\" width=\"263\" height=\"190\" srcset=\"https:\/\/lapallue.fr\/wp-content\/uploads\/2018\/12\/12940237-produits-locaux-fran\u00e7ais-panneau-de-pierre-d-ardoise-isol\u00e9-300x217.jpg 300w, https:\/\/lapallue.fr\/wp-content\/uploads\/2018\/12\/12940237-produits-locaux-fran\u00e7ais-panneau-de-pierre-d-ardoise-isol\u00e9-768x556.jpg 768w, https:\/\/lapallue.fr\/wp-content\/uploads\/2018\/12\/12940237-produits-locaux-fran\u00e7ais-panneau-de-pierre-d-ardoise-isol\u00e9-1024x741.jpg 1024w, https:\/\/lapallue.fr\/wp-content\/uploads\/2018\/12\/12940237-produits-locaux-fran\u00e7ais-panneau-de-pierre-d-ardoise-isol\u00e9.jpg 1300w\" sizes=\"(max-width: 263px) 100vw, 263px\" \/><\/a><figcaption id=\"caption-attachment-275\" class=\"wp-caption-text\">Produits Locaux<\/figcaption><\/figure>\n<figure id=\"attachment_279\" aria-describedby=\"caption-attachment-279\" style=\"width: 300px\" class=\"wp-caption aligncenter\"><a href=\"https:\/\/www.tourism-cognac.com\/\" target=\"_blank\" rel=\"noopener\"><img loading=\"lazy\" class=\"wp-image-279 size-medium\" src=\"http:\/\/lapallue.fr\/wp-content\/uploads\/2018\/12\/logo-cognac-tourisme-300x150.jpg\" alt=\"\" width=\"300\" height=\"150\" srcset=\"https:\/\/lapallue.fr\/wp-content\/uploads\/2018\/12\/logo-cognac-tourisme-300x150.jpg 300w, https:\/\/lapallue.fr\/wp-content\/uploads\/2018\/12\/logo-cognac-tourisme-768x384.jpg 768w, https:\/\/lapallue.fr\/wp-content\/uploads\/2018\/12\/logo-cognac-tourisme-1024x512.jpg 1024w, https:\/\/lapallue.fr\/wp-content\/uploads\/2018\/12\/logo-cognac-tourisme.jpg 2048w\" sizes=\"(max-width: 300px) 100vw, 300px\" \/><\/a><figcaption id=\"caption-attachment-279\" class=\"wp-caption-text\">Office de Tourisme<\/figcaption><\/figure>\n<p>&nbsp;<\/p>\n<p>&nbsp;<\/p>\n<p>&nbsp;<\/p>\n<p>&nbsp;<\/p>\n<p>&nbsp;<\/p>\n<p>&nbsp;<\/p>\n<p>&nbsp;<\/p>\n","protected":false},"excerpt":{"rendered":"<p>De nombreuses activit\u00e9s et animations vous sont propos\u00e9es dans la r\u00e9gion Cogna\u00e7aise. Pour vous aider nous vous proposons quelques sites internet ci-dessous\u00a0: &nbsp; &nbsp; &nbsp; &nbsp; &nbsp; &nbsp; &nbsp; &nbsp; &nbsp; &nbsp; &nbsp; &nbsp; &nbsp;<\/p>\n","protected":false},"author":3,"featured_media":0,"parent":0,"menu_order":0,"comment_status":"closed","ping_status":"closed","template":"","meta":[],"_links":{"self":[{"href":"https:\/\/lapallue.fr\/index.php\/wp-json\/wp\/v2\/pages\/99"}],"collection":[{"href":"https:\/\/lapallue.fr\/index.php\/wp-json\/wp\/v2\/pages"}],"about":[{"href":"https:\/\/lapallue.fr\/index.php\/wp-json\/wp\/v2\/types\/page"}],"author":[{"embeddable":true,"href":"https:\/\/lapallue.fr\/index.php\/wp-json\/wp\/v2\/users\/3"}],"replies":[{"embeddable":true,"href":"https:\/\/lapallue.fr\/index.php\/wp-json\/wp\/v2\/comments?post=99"}],"version-history":[{"count":9,"href":"https:\/\/lapallue.fr\/index.php\/wp-json\/wp\/v2\/pages\/99\/revisions"}],"predecessor-version":[{"id":338,"href":"https:\/\/lapallue.fr\/index.php\/wp-json\/wp\/v2\/pages\/99\/revisions\/338"}],"wp:attachment":[{"href":"https:\/\/lapallue.fr\/index.php\/wp-json\/wp\/v2\/media?parent=99"}],"curies":[{"name":"wp","href":"https:\/\/api.w.org\/{rel}","templated":true}]}}